{"id":511,"date":"2024-10-10T10:22:00","date_gmt":"2024-10-10T08:22:00","guid":{"rendered":"https:\/\/prepac.se\/?page_id=511"},"modified":"2025-11-25T10:46:38","modified_gmt":"2025-11-25T09:46:38","slug":"palltillverkning","status":"publish","type":"page","link":"https:\/\/prepac.se\/sv\/pallet-manufacturing\/","title":{"rendered":"Palltillverkning"},"content":{"rendered":"<p>[et_pb_section fb_built=&#8221;1&#8243; custom_padding_last_edited=&#8221;on|phone&#8221; _builder_version=&#8221;4.25.2&#8243; _module_preset=&#8221;default&#8221; background_color=&#8221;#f6f6f6&#8243; custom_padding=&#8221;100px|50px|50px|50px|false|true&#8221; custom_padding_tablet=&#8221;80px|50px|50px|50px|false|true&#8221; custom_padding_phone=&#8221;50px|20px|30px|20px|false|true&#8221; global_colors_info=&#8221;{}&#8221;][et_pb_row _builder_version=&#8221;4.25.2&#8243; _module_preset=&#8221;default&#8221; width=&#8221;100%&#8221; custom_padding=&#8221;0px||0px||false|false&#8221; global_colors_info=&#8221;{}&#8221;][et_pb_column type=&#8221;4_4&#8243; _builder_version=&#8221;4.25.2&#8243; _module_preset=&#8221;default&#8221; global_colors_info=&#8221;{}&#8221;][et_pb_text _builder_version=&#8221;4.25.2&#8243; _module_preset=&#8221;default&#8221; global_colors_info=&#8221;{}&#8221;]<\/p>\n<h1>Pallet Manufacturing<\/h1>\n<p><a href=\"\/\"><span style=\"text-decoration: underline;\">Start<\/span><\/a>\u00a0 &gt;\u00a0 <a href=\"\/automation-solutions\/\"><span style=\"text-decoration: underline;\">Automation Solutions<\/span><\/a>\u00a0 &gt;\u00a0 <span style=\"text-decoration: underline;\"><a href=\"\/pallet-manufacturing\/\">Pallet Manufacturing<\/a><\/span><\/p>\n<p>[\/et_pb_text][\/et_pb_column][\/et_pb_row][\/et_pb_section][et_pb_section fb_built=&#8221;1&#8243; custom_padding_last_edited=&#8221;on|phone&#8221; _builder_version=&#8221;4.25.2&#8243; _module_preset=&#8221;default&#8221; custom_padding=&#8221;100px|50px|100px|50px|true|true&#8221; custom_padding_tablet=&#8221;80px|50px|80px|50px|true|true&#8221; custom_padding_phone=&#8221;50px|20px|50px|20px|true|true&#8221; locked=&#8221;off&#8221; global_colors_info=&#8221;{}&#8221;][et_pb_row _builder_version=&#8221;4.27.4&#8243; _module_preset=&#8221;default&#8221; width=&#8221;100%&#8221; custom_margin=&#8221;||50px||false|false&#8221; custom_padding=&#8221;0px||0px||false|false&#8221; global_colors_info=&#8221;{}&#8221;][et_pb_column type=&#8221;4_4&#8243; _builder_version=&#8221;4.25.2&#8243; _module_preset=&#8221;default&#8221; global_colors_info=&#8221;{}&#8221;][et_pb_text _builder_version=&#8221;4.27.4&#8243; _module_preset=&#8221;default&#8221; max_width=&#8221;800px&#8221; global_colors_info=&#8221;{}&#8221;]<\/p>\n<h2><span style=\"color: #374999;\">Efficient pallet manufacturing with flexible automation solutions<\/span><\/h2>\n<p>Prepac AB offers advanced automation solutions for the production of both standard and customized pallets. Our robotic cells can be integrated with existing production lines or installed as standalone units for maximum flexibility. With Prepac\u2019s solutions, you get:[\/et_pb_text][\/et_pb_column][\/et_pb_row][et_pb_row column_structure=&#8221;1_3,1_3,1_3&#8243; module_class=&#8221;cards-wrapper w-33 cards-1&#8243; _builder_version=&#8221;4.27.4&#8243; _module_preset=&#8221;default&#8221; width=&#8221;100%&#8221; max_width=&#8221;1100px&#8221; custom_padding=&#8221;0px||0px||false|false&#8221; locked=&#8221;off&#8221; global_colors_info=&#8221;{}&#8221;][et_pb_column type=&#8221;1_3&#8243; _builder_version=&#8221;4.27.4&#8243; _module_preset=&#8221;default&#8221; background_color=&#8221;gcid-271ee656-eef7-4909-909f-1b1100875a39&#8243; border_width_all=&#8221;1px&#8221; border_color_all=&#8221;#003459&#8243; global_colors_info=&#8221;{%22gcid-271ee656-eef7-4909-909f-1b1100875a39%22:%91%22background_color%22%93}&#8221;][et_pb_text _builder_version=&#8221;4.27.4&#8243; _module_preset=&#8221;default&#8221; custom_padding=&#8221;30px|20px|30px|20px|true|true&#8221; global_colors_info=&#8221;{}&#8221;]<\/p>\n<div class=\"icon-wrapper\"><i class=\"fa-solid fa-lightbulb\"><\/i><\/div>\n<h3>Flexible manufacturing<\/h3>\n<p>Solutions tailored for different pallet types and production requirements.[\/et_pb_text][\/et_pb_column][et_pb_column type=&#8221;1_3&#8243; _builder_version=&#8221;4.27.4&#8243; _module_preset=&#8221;default&#8221; background_color=&#8221;gcid-271ee656-eef7-4909-909f-1b1100875a39&#8243; border_width_all=&#8221;1px&#8221; border_color_all=&#8221;#003459&#8243; global_colors_info=&#8221;{%22gcid-271ee656-eef7-4909-909f-1b1100875a39%22:%91%22background_color%22%93}&#8221;][et_pb_text _builder_version=&#8221;4.27.4&#8243; _module_preset=&#8221;default&#8221; custom_padding=&#8221;30px|20px|30px|20px|true|true&#8221; global_colors_info=&#8221;{}&#8221;]<\/p>\n<div class=\"icon-wrapper\"><i class=\"fa-solid fa-magnifying-glass-chart\"><\/i><\/div>\n<h3>Cost-effective production<\/h3>\n<p>Automated production with fewer stoppages and increased productivity.[\/et_pb_text][\/et_pb_column][et_pb_column type=&#8221;1_3&#8243; _builder_version=&#8221;4.27.4&#8243; _module_preset=&#8221;default&#8221; background_color=&#8221;gcid-271ee656-eef7-4909-909f-1b1100875a39&#8243; border_width_all=&#8221;1px&#8221; border_color_all=&#8221;#003459&#8243; global_colors_info=&#8221;{%22gcid-271ee656-eef7-4909-909f-1b1100875a39%22:%91%22background_color%22%93}&#8221;][et_pb_text _builder_version=&#8221;4.27.4&#8243; _module_preset=&#8221;default&#8221; custom_padding=&#8221;30px|20px|30px|20px|true|true&#8221; global_colors_info=&#8221;{}&#8221;]<\/p>\n<div class=\"icon-wrapper\"><i class=\"fa-solid fa-compass-drafting\"><\/i><\/div>\n<h3>Precision in the workflow<\/h3>\n<p>Accurate nail positioning and consistent driving force with advanced sensors.[\/et_pb_text][\/et_pb_column][\/et_pb_row][\/et_pb_section][et_pb_section fb_built=&#8221;1&#8243; custom_padding_last_edited=&#8221;on|phone&#8221; _builder_version=&#8221;4.27.4&#8243; _module_preset=&#8221;default&#8221; custom_padding=&#8221;100px|50px|100px|50px|true|true&#8221; custom_padding_tablet=&#8221;80px|50px|80px|50px|true|true&#8221; custom_padding_phone=&#8221;50px|20px|50px|20px|true|true&#8221; hover_enabled=&#8221;0&#8243; global_colors_info=&#8221;{}&#8221; disabled_on=&#8221;on|on|on&#8221; disabled=&#8221;on&#8221; sticky_enabled=&#8221;0&#8243;][et_pb_row _builder_version=&#8221;4.25.2&#8243; _module_preset=&#8221;default&#8221; width=&#8221;100%&#8221; custom_padding=&#8221;0px||0px||false|false&#8221; global_colors_info=&#8221;{}&#8221;][et_pb_column type=&#8221;4_4&#8243; _builder_version=&#8221;4.25.2&#8243; _module_preset=&#8221;default&#8221; global_colors_info=&#8221;{}&#8221;][et_pb_text _builder_version=&#8221;4.25.2&#8243; _module_preset=&#8221;default&#8221; max_width=&#8221;800px&#8221; global_colors_info=&#8221;{}&#8221;]<\/p>\n<h2><span style=\"color: #374999;\">Flexible Robotic Solutions for Custom and Standard Pallet Manufacturing<\/span><\/h2>\n<p>We manufacture machine cells that incorporate robotic machines for manufacturing of pallets. The automation solution consists of several units, which can be installed stand-alone or adjacent to production lines. Our machines offer high flexibility, tailored to meet your application requirements improving production output. The machines are designed to handle normal variations of wood quality, frequently occurring in the pallet industry. Whether you need a standard EUR pallet or custom sized pallets, we design machines that manufacture wooden pallets, customized to your specific needs.<\/p>\n<p>[\/et_pb_text][\/et_pb_column][\/et_pb_row][\/et_pb_section][et_pb_section fb_built=&#8221;1&#8243; custom_padding_last_edited=&#8221;on|phone&#8221; _builder_version=&#8221;4.25.2&#8243; _module_preset=&#8221;default&#8221; background_color=&#8221;#f6f6f6&#8243; custom_padding=&#8221;100px|50px|100px|50px|true|true&#8221; custom_padding_tablet=&#8221;80px|50px|80px|50px|true|true&#8221; custom_padding_phone=&#8221;50px|20px|50px|20px|true|true&#8221; global_colors_info=&#8221;{}&#8221; locked=&#8221;off&#8221;][et_pb_row _builder_version=&#8221;4.25.2&#8243; _module_preset=&#8221;default&#8221; width=&#8221;100%&#8221; max_width=&#8221;1200px&#8221; custom_padding=&#8221;0px||||false|false&#8221; global_colors_info=&#8221;{}&#8221;][et_pb_column type=&#8221;4_4&#8243; _builder_version=&#8221;4.25.2&#8243; _module_preset=&#8221;default&#8221; global_colors_info=&#8221;{}&#8221;][et_pb_text _builder_version=&#8221;4.27.4&#8243; _module_preset=&#8221;default&#8221; max_width=&#8221;700px&#8221; global_colors_info=&#8221;{}&#8221;]<\/p>\n<h2>Special Pallet Manufacturing<\/h2>\n<p>We provide advanced solutions with products such as block feeding systems, robotic nailing, and marking robots.<\/p>\n<p>[\/et_pb_text][\/et_pb_column][\/et_pb_row][et_pb_row column_structure=&#8221;1_3,1_3,1_3&#8243; module_class=&#8221;cards-wrapper w-33 product-cards btn-wrapper btn btn-primary-dark-border&#8221; _builder_version=&#8221;4.25.2&#8243; _module_preset=&#8221;default&#8221; width=&#8221;100%&#8221; max_width=&#8221;1200px&#8221; custom_padding=&#8221;0px||0px||false|false&#8221; global_colors_info=&#8221;{}&#8221;][et_pb_column type=&#8221;1_3&#8243; _builder_version=&#8221;4.25.2&#8243; _module_preset=&#8221;default&#8221; background_color=&#8221;#FFFFFF&#8221; border_width_all=&#8221;1px&#8221; border_color_all=&#8221;#bababa&#8221; global_colors_info=&#8221;{}&#8221;][et_pb_image src=&#8221;https:\/\/prepac.se\/wp-content\/uploads\/2024\/11\/BLOCK-FEEDING-980&#215;735-1-e1731480218843.jpg&#8221; alt=&#8221;Pallet Manufacturing Block Feeding Machine working in factory&#8221; title_text=&#8221;BLOCK-FEEDING-980&#215;735&#8243; url=&#8221;\/block-feeding\/&#8221; show_bottom_space=&#8221;off&#8221; _builder_version=&#8221;4.27.4&#8243; _module_preset=&#8221;default&#8221; custom_padding=&#8221;0px||0px||false|false&#8221; global_colors_info=&#8221;{}&#8221;][\/et_pb_image][et_pb_text _builder_version=&#8221;4.25.2&#8243; _module_preset=&#8221;default&#8221; custom_padding=&#8221;30px|20px|20px|20px|false|true&#8221; global_colors_info=&#8221;{}&#8221;]<\/p>\n<h3>Block Feeding<\/h3>\n<p>Block Feeding solution integrated with a standard pallet production line.<br \/><a href=\"\/block-feeding\/\">Read more<\/a><\/p>\n<p>[\/et_pb_text][\/et_pb_column][et_pb_column type=&#8221;1_3&#8243; _builder_version=&#8221;4.25.2&#8243; _module_preset=&#8221;default&#8221; background_color=&#8221;#FFFFFF&#8221; border_width_all=&#8221;1px&#8221; border_color_all=&#8221;#bababa&#8221; global_colors_info=&#8221;{}&#8221;][et_pb_image src=&#8221;https:\/\/prepac.se\/wp-content\/uploads\/2024\/11\/ROBOTIC-NAILING-scaled-e1731405023909-1080&#215;719-1-e1731480282895.jpg&#8221; alt=&#8221;Pallet Manufacturing Robotic Nailing Machine working in factory&#8221; title_text=&#8221;ROBOTIC-NAILING-scaled-e1731405023909-1080&#215;719&#8243; url=&#8221;\/robotic-nailing\/&#8221; show_bottom_space=&#8221;off&#8221; _builder_version=&#8221;4.27.4&#8243; _module_preset=&#8221;default&#8221; custom_padding=&#8221;0px||0px||false|false&#8221; global_colors_info=&#8221;{}&#8221;][\/et_pb_image][et_pb_text _builder_version=&#8221;4.25.2&#8243; _module_preset=&#8221;default&#8221; custom_padding=&#8221;30px|20px|20px|20px|false|true&#8221; global_colors_info=&#8221;{}&#8221;]<\/p>\n<h3>Robotic Nailing<\/h3>\n<p>Our robots feature advanced sensors and programming, ensuring precise nail positioning and consistent driving force.<br \/><a href=\"\/robotic-nailing\/\">Read more<\/a><\/p>\n<p>[\/et_pb_text][\/et_pb_column][et_pb_column type=&#8221;1_3&#8243; _builder_version=&#8221;4.25.2&#8243; _module_preset=&#8221;default&#8221; background_color=&#8221;#FFFFFF&#8221; border_width_all=&#8221;1px&#8221; border_color_all=&#8221;#bababa&#8221; global_colors_info=&#8221;{}&#8221;][et_pb_image src=&#8221;https:\/\/prepac.se\/wp-content\/uploads\/2024\/11\/MARKING-ROBOT-scaled-e1731404939927-1080&#215;1080-1-e1731480314313.jpg&#8221; alt=&#8221;Pallet Manufacturing Marking robot with prepac logo on the front in th&#8221; title_text=&#8221;MARKING-ROBOT-scaled-e1731404939927-1080&#215;1080&#8243; url=&#8221;\/marking-robots\/&#8221; show_bottom_space=&#8221;off&#8221; _builder_version=&#8221;4.27.4&#8243; _module_preset=&#8221;default&#8221; custom_padding=&#8221;0px||0px||false|false&#8221; global_colors_info=&#8221;{}&#8221;][\/et_pb_image][et_pb_text _builder_version=&#8221;4.25.2&#8243; _module_preset=&#8221;default&#8221; custom_padding=&#8221;30px|20px|20px|20px|false|true&#8221; global_colors_info=&#8221;{}&#8221;]<\/p>\n<h3>Marking Robots<\/h3>\n<p>Marking robots are advanced systems that apply labels, barcodes, serial numbers, or logos to products and components.<br \/><a href=\"\/marking-robots\/\">Read more<\/a><\/p>\n<p>[\/et_pb_text][\/et_pb_column][\/et_pb_row][\/et_pb_section][et_pb_section fb_built=&#8221;1&#8243; custom_padding_last_edited=&#8221;on|phone&#8221; module_class=&#8221;split-section pr-0 split-content-align-center reverse&#8221; _builder_version=&#8221;4.27.4&#8243; _module_preset=&#8221;default&#8221; background_color=&#8221;gcid-319ba375-738a-4152-937f-23514797cbd5&#8243; custom_padding=&#8221;100px|50px|100px|50px|true|true&#8221; custom_padding_tablet=&#8221;80px|50px|80px|50px|true|true&#8221; custom_padding_phone=&#8221;50px|20px|50px|20px|true|true&#8221; global_colors_info=&#8221;{%22gcid-319ba375-738a-4152-937f-23514797cbd5%22:%91%22background_color%22%93}&#8221; locked=&#8221;off&#8221;][et_pb_row column_structure=&#8221;1_2,1_2&#8243; _builder_version=&#8221;4.25.2&#8243; _module_preset=&#8221;default&#8221; width=&#8221;100%&#8221; custom_padding=&#8221;0px||0px||false|false&#8221; global_colors_info=&#8221;{}&#8221;][et_pb_column type=&#8221;1_2&#8243; _builder_version=&#8221;4.25.2&#8243; _module_preset=&#8221;default&#8221; global_colors_info=&#8221;{}&#8221;][et_pb_image src=&#8221;https:\/\/prepac.se\/wp-content\/uploads\/2024\/10\/Prepac_robot-1-scaled-e1729151131945.jpg&#8221; alt=&#8221;Robotic arm wodking with Pallet Manufacturing&#8221; title_text=&#8221;Prepac_robot-1&#8243; _builder_version=&#8221;4.27.4&#8243; _module_preset=&#8221;default&#8221; global_colors_info=&#8221;{}&#8221;][\/et_pb_image][\/et_pb_column][et_pb_column type=&#8221;1_2&#8243; _builder_version=&#8221;4.25.2&#8243; _module_preset=&#8221;default&#8221; global_colors_info=&#8221;{}&#8221;][et_pb_text _builder_version=&#8221;4.27.4&#8243; _module_preset=&#8221;default&#8221; text_text_color=&#8221;#FFFFFF&#8221; header_2_text_color=&#8221;#FFFFFF&#8221; global_colors_info=&#8221;{}&#8221;]<\/p>\n<h2>Why Choose Prepac?<\/h2>\n<p>With extensive experience in automation solutions, we offer more than just machines \u2013 we deliver complete systems that improve production flow and enhance safety. Our solutions are future-proof, easy to upgrade, and designed to meet high standards of quality and efficiency.<\/p>\n<p>We help you optimize production, reduce manual steps, and create a sustainable process that meets both current and future demands. Whether you need standard pallets or custom solutions, we can tailor a system to fit your business.<\/p>\n<p>[\/et_pb_text][\/et_pb_column][\/et_pb_row][\/et_pb_section][et_pb_section fb_built=&#8221;1&#8243; custom_padding_last_edited=&#8221;on|phone&#8221; module_class=&#8221;split-section pl-0 split-content-align-center&#8221; _builder_version=&#8221;4.27.4&#8243; _module_preset=&#8221;default&#8221; custom_padding=&#8221;100px|50px|100px|50px|true|true&#8221; custom_padding_tablet=&#8221;80px|50px|80px|50px|true|true&#8221; custom_padding_phone=&#8221;50px|20px|50px|20px|true|true&#8221; global_colors_info=&#8221;{}&#8221; locked=&#8221;off&#8221;][et_pb_row column_structure=&#8221;1_2,1_2&#8243; _builder_version=&#8221;4.25.2&#8243; _module_preset=&#8221;default&#8221; width=&#8221;100%&#8221; custom_padding=&#8221;0px||0px||false|false&#8221; global_colors_info=&#8221;{}&#8221;][et_pb_column type=&#8221;1_2&#8243; _builder_version=&#8221;4.25.2&#8243; _module_preset=&#8221;default&#8221; global_colors_info=&#8221;{}&#8221;][et_pb_text _builder_version=&#8221;4.27.4&#8243; _module_preset=&#8221;default&#8221; global_colors_info=&#8221;{}&#8221;]<\/p>\n<h2>How Pallet Manufacturing Automation Works<\/h2>\n<p>Our automation solutions for pallet manufacturing combine advanced robotics with smart integration. By automating key steps such as block feeding, nailing, and marking, consistent quality is ensured while reducing the need for manual intervention. The result is an efficient process that improves both productivity and safety.[\/et_pb_text][\/et_pb_column][et_pb_column type=&#8221;1_2&#8243; _builder_version=&#8221;4.25.2&#8243; _module_preset=&#8221;default&#8221; global_colors_info=&#8221;{}&#8221;][et_pb_image src=&#8221;https:\/\/prepac.se\/wp-content\/uploads\/2024\/10\/robot-pallet-scaled-e1729151147458.jpg&#8221; alt=&#8221;Gray robotic arm working in factory&#8221; title_text=&#8221;robot-pallet&#8221; _builder_version=&#8221;4.27.4&#8243; _module_preset=&#8221;default&#8221; global_colors_info=&#8221;{}&#8221;][\/et_pb_image][\/et_pb_column][\/et_pb_row][\/et_pb_section][et_pb_section fb_built=&#8221;1&#8243; custom_padding_last_edited=&#8221;on|phone&#8221; _builder_version=&#8221;4.27.4&#8243; _module_preset=&#8221;default&#8221; background_color=&#8221;gcid-271ee656-eef7-4909-909f-1b1100875a39&#8243; custom_padding=&#8221;100px|50px|100px|50px|true|true&#8221; custom_padding_tablet=&#8221;80px|50px|80px|50px|true|true&#8221; custom_padding_phone=&#8221;50px|20px|50px|20px|true|true&#8221; global_colors_info=&#8221;{%22gcid-271ee656-eef7-4909-909f-1b1100875a39%22:%91%22background_color%22%93}&#8221; locked=&#8221;off&#8221;][et_pb_row module_class=&#8221;btn btn-primary-dark-filled btn-wrapper&#8221; _builder_version=&#8221;4.25.2&#8243; _module_preset=&#8221;default&#8221; custom_padding=&#8221;0px||0px||false|false&#8221; global_colors_info=&#8221;{}&#8221;][et_pb_column type=&#8221;4_4&#8243; _builder_version=&#8221;4.25.2&#8243; _module_preset=&#8221;default&#8221; global_colors_info=&#8221;{}&#8221;][et_pb_text _builder_version=&#8221;4.27.4&#8243; _module_preset=&#8221;default&#8221; max_width=&#8221;650px&#8221; global_colors_info=&#8221;{}&#8221;]<\/p>\n<h2>Explore More Automation Solutions<\/h2>\n<p>See all our automation services on <a href=\"https:\/\/prepac.se\/sv\/automation-solutions\/\">this page<\/a>.<\/p>\n<p><strong>Contact us today<\/strong> to streamline your pallet manufacturing with modern automation solutions. Our experts will help you choose the right system for your production and ensure a smooth implementation from start to finish.<\/p>\n<p><a href=\"\/contact\/\">Contact us now!<\/a>[\/et_pb_text][\/et_pb_column][\/et_pb_row][\/et_pb_section]<\/p>\n","protected":false},"excerpt":{"rendered":"<p>Pallet Manufacturing Start\u00a0 &gt;\u00a0 Automation Solutions\u00a0 &gt;\u00a0 Pallet ManufacturingEfficient pallet manufacturing with flexible automation solutions Prepac AB offers advanced automation solutions for the production of both standard and customized pallets. Our robotic cells can be integrated with existing production lines or installed as standalone units for maximum flexibility. With Prepac\u2019s solutions, you get: Flexible manufacturing [&hellip;]<\/p>\n","protected":false},"author":3,"featured_media":0,"parent":0,"menu_order":0,"comment_status":"closed","ping_status":"closed","template":"","meta":{"_et_pb_use_builder":"on","_et_pb_old_content":"","_et_gb_content_width":"","footnotes":""},"class_list":["post-511","page","type-page","status-publish","hentry"],"yoast_head":"<!-- This site is optimized with the Yoast SEO Premium plugin v24.3 (Yoast SEO v27.4) - https:\/\/yoast.com\/product\/yoast-seo-premium-wordpress\/ -->\n<title>Pallet Manufacturing - Prepac<\/title>\n<meta name=\"description\" content=\"Flexible robotic solutions for pallet manufacturing, handling custom and standard sizes with tailored automation for higher output.\" \/>\n<meta name=\"robots\" content=\"index, follow, max-snippet:-1, max-image-preview:large, max-video-preview:-1\" \/>\n<link rel=\"canonical\" href=\"https:\/\/prepac.se\/sv\/palltillverkning\/\" \/>\n<meta property=\"og:locale\" content=\"sv_SE\" \/>\n<meta property=\"og:type\" content=\"article\" \/>\n<meta property=\"og:title\" content=\"Pallet Manufacturing\" \/>\n<meta property=\"og:description\" content=\"Flexible robotic solutions for pallet manufacturing, handling custom and standard sizes with tailored automation for higher output.\" \/>\n<meta property=\"og:url\" content=\"https:\/\/prepac.se\/sv\/palltillverkning\/\" \/>\n<meta property=\"og:site_name\" content=\"Prepac\" \/>\n<meta property=\"article:publisher\" content=\"https:\/\/www.facebook.com\/people\/Prepac-AB\/100064958020894\/\" \/>\n<meta property=\"article:modified_time\" content=\"2025-11-25T09:46:38+00:00\" \/>\n<meta name=\"twitter:card\" content=\"summary_large_image\" \/>\n<meta name=\"twitter:label1\" content=\"Ber\u00e4knad l\u00e4stid\" \/>\n\t<meta name=\"twitter:data1\" content=\"2 minuter\" \/>\n<script type=\"application\/ld+json\" class=\"yoast-schema-graph\">{\"@context\":\"https:\\\/\\\/schema.org\",\"@graph\":[{\"@type\":\"WebPage\",\"@id\":\"https:\\\/\\\/prepac.se\\\/pallet-manufacturing\\\/\",\"url\":\"https:\\\/\\\/prepac.se\\\/pallet-manufacturing\\\/\",\"name\":\"Pallet Manufacturing - Prepac\",\"isPartOf\":{\"@id\":\"https:\\\/\\\/prepac.se\\\/#website\"},\"datePublished\":\"2024-10-10T08:22:00+00:00\",\"dateModified\":\"2025-11-25T09:46:38+00:00\",\"description\":\"Flexible robotic solutions for pallet manufacturing, handling custom and standard sizes with tailored automation for higher output.\",\"breadcrumb\":{\"@id\":\"https:\\\/\\\/prepac.se\\\/pallet-manufacturing\\\/#breadcrumb\"},\"inLanguage\":\"sv-SE\",\"potentialAction\":[{\"@type\":\"ReadAction\",\"target\":[\"https:\\\/\\\/prepac.se\\\/pallet-manufacturing\\\/\"]}]},{\"@type\":\"BreadcrumbList\",\"@id\":\"https:\\\/\\\/prepac.se\\\/pallet-manufacturing\\\/#breadcrumb\",\"itemListElement\":[{\"@type\":\"ListItem\",\"position\":1,\"name\":\"Home\",\"item\":\"https:\\\/\\\/prepac.se\\\/\"},{\"@type\":\"ListItem\",\"position\":2,\"name\":\"Pallet Manufacturing\"}]},{\"@type\":\"WebSite\",\"@id\":\"https:\\\/\\\/prepac.se\\\/#website\",\"url\":\"https:\\\/\\\/prepac.se\\\/\",\"name\":\"Prepac\",\"description\":\"Experts in Packaging Machines\",\"publisher\":{\"@id\":\"https:\\\/\\\/prepac.se\\\/#organization\"},\"potentialAction\":[{\"@type\":\"SearchAction\",\"target\":{\"@type\":\"EntryPoint\",\"urlTemplate\":\"https:\\\/\\\/prepac.se\\\/?s={search_term_string}\"},\"query-input\":{\"@type\":\"PropertyValueSpecification\",\"valueRequired\":true,\"valueName\":\"search_term_string\"}}],\"inLanguage\":\"sv-SE\"},{\"@type\":\"Organization\",\"@id\":\"https:\\\/\\\/prepac.se\\\/#organization\",\"name\":\"Prepac AB\",\"alternateName\":\"Prepac\",\"url\":\"https:\\\/\\\/prepac.se\\\/\",\"logo\":{\"@type\":\"ImageObject\",\"inLanguage\":\"sv-SE\",\"@id\":\"https:\\\/\\\/prepac.se\\\/#\\\/schema\\\/logo\\\/image\\\/\",\"url\":\"https:\\\/\\\/prepac.se\\\/wp-content\\\/uploads\\\/2023\\\/01\\\/prepacfavicon.png\",\"contentUrl\":\"https:\\\/\\\/prepac.se\\\/wp-content\\\/uploads\\\/2023\\\/01\\\/prepacfavicon.png\",\"width\":512,\"height\":512,\"caption\":\"Prepac AB\"},\"image\":{\"@id\":\"https:\\\/\\\/prepac.se\\\/#\\\/schema\\\/logo\\\/image\\\/\"},\"sameAs\":[\"https:\\\/\\\/www.facebook.com\\\/people\\\/Prepac-AB\\\/100064958020894\\\/\",\"https:\\\/\\\/www.linkedin.com\\\/company\\\/prepac-ab\\\/posts\\\/?feedView=all\"]}]}<\/script>\n<!-- \/ Yoast SEO Premium plugin. -->","yoast_head_json":{"title":"Palltillverkning - Prepac","description":"Flexibla robotl\u00f6sningar f\u00f6r palltillverkning, hantering av special- och standardstorlekar med skr\u00e4ddarsydd automatisering f\u00f6r h\u00f6gre produktion.","robots":{"index":"index","follow":"follow","max-snippet":"max-snippet:-1","max-image-preview":"max-image-preview:large","max-video-preview":"max-video-preview:-1"},"canonical":"https:\/\/prepac.se\/sv\/palltillverkning\/","og_locale":"sv_SE","og_type":"article","og_title":"Pallet Manufacturing","og_description":"Flexible robotic solutions for pallet manufacturing, handling custom and standard sizes with tailored automation for higher output.","og_url":"https:\/\/prepac.se\/sv\/palltillverkning\/","og_site_name":"Prepac","article_publisher":"https:\/\/www.facebook.com\/people\/Prepac-AB\/100064958020894\/","article_modified_time":"2025-11-25T09:46:38+00:00","twitter_card":"summary_large_image","twitter_misc":{"Ber\u00e4knad l\u00e4stid":"2 minuter"},"schema":{"@context":"https:\/\/schema.org","@graph":[{"@type":"WebPage","@id":"https:\/\/prepac.se\/pallet-manufacturing\/","url":"https:\/\/prepac.se\/pallet-manufacturing\/","name":"Palltillverkning - Prepac","isPartOf":{"@id":"https:\/\/prepac.se\/#website"},"datePublished":"2024-10-10T08:22:00+00:00","dateModified":"2025-11-25T09:46:38+00:00","description":"Flexibla robotl\u00f6sningar f\u00f6r palltillverkning, hantering av special- och standardstorlekar med skr\u00e4ddarsydd automatisering f\u00f6r h\u00f6gre produktion.","breadcrumb":{"@id":"https:\/\/prepac.se\/pallet-manufacturing\/#breadcrumb"},"inLanguage":"sv-SE","potentialAction":[{"@type":"ReadAction","target":["https:\/\/prepac.se\/pallet-manufacturing\/"]}]},{"@type":"BreadcrumbList","@id":"https:\/\/prepac.se\/pallet-manufacturing\/#breadcrumb","itemListElement":[{"@type":"ListItem","position":1,"name":"Home","item":"https:\/\/prepac.se\/"},{"@type":"ListItem","position":2,"name":"Pallet Manufacturing"}]},{"@type":"WebSite","@id":"https:\/\/prepac.se\/#website","url":"https:\/\/prepac.se\/","name":"Prepac","description":"Experts in Packaging Machines","publisher":{"@id":"https:\/\/prepac.se\/#organization"},"potentialAction":[{"@type":"SearchAction","target":{"@type":"EntryPoint","urlTemplate":"https:\/\/prepac.se\/?s={search_term_string}"},"query-input":{"@type":"PropertyValueSpecification","valueRequired":true,"valueName":"search_term_string"}}],"inLanguage":"sv-SE"},{"@type":"Organization","@id":"https:\/\/prepac.se\/#organization","name":"Prepac AB","alternateName":"Prepac","url":"https:\/\/prepac.se\/","logo":{"@type":"ImageObject","inLanguage":"sv-SE","@id":"https:\/\/prepac.se\/#\/schema\/logo\/image\/","url":"https:\/\/prepac.se\/wp-content\/uploads\/2023\/01\/prepacfavicon.png","contentUrl":"https:\/\/prepac.se\/wp-content\/uploads\/2023\/01\/prepacfavicon.png","width":512,"height":512,"caption":"Prepac AB"},"image":{"@id":"https:\/\/prepac.se\/#\/schema\/logo\/image\/"},"sameAs":["https:\/\/www.facebook.com\/people\/Prepac-AB\/100064958020894\/","https:\/\/www.linkedin.com\/company\/prepac-ab\/posts\/?feedView=all"]}]}},"_links":{"self":[{"href":"https:\/\/prepac.se\/sv\/wp-json\/wp\/v2\/pages\/511","targetHints":{"allow":["GET"]}}],"collection":[{"href":"https:\/\/prepac.se\/sv\/wp-json\/wp\/v2\/pages"}],"about":[{"href":"https:\/\/prepac.se\/sv\/wp-json\/wp\/v2\/types\/page"}],"author":[{"embeddable":true,"href":"https:\/\/prepac.se\/sv\/wp-json\/wp\/v2\/users\/3"}],"replies":[{"embeddable":true,"href":"https:\/\/prepac.se\/sv\/wp-json\/wp\/v2\/comments?post=511"}],"version-history":[{"count":0,"href":"https:\/\/prepac.se\/sv\/wp-json\/wp\/v2\/pages\/511\/revisions"}],"wp:attachment":[{"href":"https:\/\/prepac.se\/sv\/wp-json\/wp\/v2\/media?parent=511"}],"curies":[{"name":"wp","href":"https:\/\/api.w.org\/{rel}","templated":true}]}}