{"id":1024,"date":"2024-11-19T15:18:48","date_gmt":"2024-11-19T14:18:48","guid":{"rendered":"https:\/\/prepac.se\/?page_id=1024"},"modified":"2025-02-19T09:59:05","modified_gmt":"2025-02-19T08:59:05","slug":"tvarbradsbytare","status":"publish","type":"page","link":"https:\/\/prepac.se\/sv\/stringer-machine\/","title":{"rendered":"Tv\u00e4rbr\u00e4dsbytare"},"content":{"rendered":"<p>[et_pb_section fb_built=&#8221;1&#8243; custom_padding_last_edited=&#8221;on|phone&#8221; _builder_version=&#8221;4.25.2&#8243; _module_preset=&#8221;default&#8221; background_color=&#8221;#f6f6f6&#8243; custom_padding=&#8221;100px|50px|50px|50px|false|true&#8221; custom_padding_tablet=&#8221;80px|50px|50px|50px|false|true&#8221; custom_padding_phone=&#8221;50px|20px|30px|20px|false|true&#8221; global_colors_info=&#8221;{}&#8221;][et_pb_row _builder_version=&#8221;4.25.2&#8243; _module_preset=&#8221;default&#8221; width=&#8221;100%&#8221; custom_padding=&#8221;0px||0px||false|false&#8221; global_colors_info=&#8221;{}&#8221;][et_pb_column type=&#8221;4_4&#8243; _builder_version=&#8221;4.25.2&#8243; _module_preset=&#8221;default&#8221; global_colors_info=&#8221;{}&#8221;][et_pb_text _builder_version=&#8221;4.25.2&#8243; _module_preset=&#8221;default&#8221; global_colors_info=&#8221;{}&#8221;]<\/p>\n<h1>Stringer Machine<\/h1>\n<p><a href=\"\/\"><span style=\"text-decoration: underline;\">Start<\/span><\/a>\u00a0 &gt;\u00a0 <a href=\"\/automation-solutions\/\"><span style=\"text-decoration: underline;\">Automation Solutions<\/span><\/a>\u00a0 &gt;\u00a0 <span style=\"text-decoration: underline;\"><a href=\"\/pallet-repair\/\">Pallet Repair<\/a><\/span>\u00a0 &gt;\u00a0 <span style=\"text-decoration: underline;\"><a href=\"\/stringer-machine\/\">Stringer Machine<\/a><\/span>[\/et_pb_text][\/et_pb_column][\/et_pb_row][\/et_pb_section][et_pb_section fb_built=&#8221;1&#8243; custom_padding_last_edited=&#8221;on|desktop&#8221; module_class=&#8221;split-section pr-0 split-content-align-center reverse contain pt-0 pb-0&#8243; _builder_version=&#8221;4.25.2&#8243; _module_preset=&#8221;default&#8221; custom_padding=&#8221;100px|50px|0px|50px|false|true&#8221; custom_padding_tablet=&#8221;80px|50px|0px|50px|false|true&#8221; custom_padding_phone=&#8221;50px|20px|0px|20px|false|true&#8221; global_colors_info=&#8221;{}&#8221;][et_pb_row column_structure=&#8221;1_2,1_2&#8243; _builder_version=&#8221;4.25.2&#8243; _module_preset=&#8221;default&#8221; width=&#8221;100%&#8221; custom_padding=&#8221;0px||0px||false|false&#8221; global_colors_info=&#8221;{}&#8221;][et_pb_column type=&#8221;1_2&#8243; _builder_version=&#8221;4.25.2&#8243; _module_preset=&#8221;default&#8221; global_colors_info=&#8221;{}&#8221;][et_pb_image src=&#8221;https:\/\/prepac.se\/wp-content\/uploads\/2024\/12\/stringer-machine-1000px-new.jpg&#8221; alt=&#8221;Gray Stringer machine with the logo Prepac on the side&#8221; title_text=&#8221;stringer-machine-1000px-new&#8221; _builder_version=&#8221;4.27.4&#8243; _module_preset=&#8221;default&#8221; border_width_all=&#8221;1px&#8221; border_color_all=&#8221;#bababa&#8221; global_colors_info=&#8221;{}&#8221;][\/et_pb_image][\/et_pb_column][et_pb_column type=&#8221;1_2&#8243; _builder_version=&#8221;4.25.2&#8243; _module_preset=&#8221;default&#8221; global_colors_info=&#8221;{}&#8221;][et_pb_text _builder_version=&#8221;4.25.2&#8243; _module_preset=&#8221;default&#8221; global_colors_info=&#8221;{}&#8221;]<\/p>\n<h2><span style=\"color: #374999;\">Boost Efficiency with the Stringer Machine<\/span><\/h2>\n<p>The Stringer Machine is a fully automated unit designed to efficiently insert missing stringer boards onto pallets and securely nail them in place for transport. It features an integrated board magazine that ensures smooth, continuous operation. The pallet is fed into the machine, where the stringer board is automatically inserted into its correct position and nailed securely, minimizing the risk of displacement during transit. Once the board is in place, the pallet is moved to the next station for further handling. This unit is designed for seamless integration into your existing production line.[\/et_pb_text][\/et_pb_column][\/et_pb_row][\/et_pb_section][et_pb_section fb_built=&#8221;1&#8243; custom_padding_last_edited=&#8221;on|phone&#8221; _builder_version=&#8221;4.25.2&#8243; _module_preset=&#8221;default&#8221; custom_padding=&#8221;100px|50px|100px|50px|true|true&#8221; custom_padding_tablet=&#8221;80px|50px|80px|50px|true|true&#8221; custom_padding_phone=&#8221;50px|20px|50px|20px|true|true&#8221; locked=&#8221;off&#8221; global_colors_info=&#8221;{}&#8221;][et_pb_row column_structure=&#8221;1_2,1_2&#8243; _builder_version=&#8221;4.25.2&#8243; _module_preset=&#8221;default&#8221; width=&#8221;100%&#8221; custom_padding=&#8221;0px||0px||false|false&#8221; global_colors_info=&#8221;{}&#8221;][et_pb_column type=&#8221;1_2&#8243; _builder_version=&#8221;4.25.2&#8243; _module_preset=&#8221;default&#8221; global_colors_info=&#8221;{}&#8221;][et_pb_text _builder_version=&#8221;4.25.2&#8243; _module_preset=&#8221;default&#8221; global_colors_info=&#8221;{}&#8221;]The Stringer Machine accelerates production cycles and reduces downtime, enabling your business to handle higher volumes of pallets more efficiently. By automating repetitive tasks, the machine allows operators to focus on more complex activities, improving overall productivity and optimizes your production flow.[\/et_pb_text][\/et_pb_column][et_pb_column type=&#8221;1_2&#8243; _builder_version=&#8221;4.25.2&#8243; _module_preset=&#8221;default&#8221; global_colors_info=&#8221;{}&#8221;][et_pb_text _builder_version=&#8221;4.25.2&#8243; _module_preset=&#8221;default&#8221; global_colors_info=&#8221;{}&#8221;]<strong>Key Features:<\/strong><\/p>\n<ul class=\"list-check\">\n<li>Improved productivity<\/li>\n<li>Enhanced safety<\/li>\n<li>User-friendly<\/li>\n<\/ul>\n<p>[\/et_pb_text][\/et_pb_column][\/et_pb_row][\/et_pb_section][et_pb_section fb_built=&#8221;1&#8243; custom_padding_last_edited=&#8221;on|phone&#8221; _builder_version=&#8221;4.25.2&#8243; _module_preset=&#8221;default&#8221; background_color=&#8221;#f6f6f6&#8243; custom_padding=&#8221;100px|50px|100px|50px|true|true&#8221; custom_padding_tablet=&#8221;80px|50px|80px|50px|true|true&#8221; custom_padding_phone=&#8221;50px|20px|50px|20px|true|true&#8221; locked=&#8221;off&#8221; global_colors_info=&#8221;{}&#8221;][et_pb_row module_class=&#8221;btn btn-primary-dark-filled btn-wrapper&#8221; _builder_version=&#8221;4.25.2&#8243; _module_preset=&#8221;default&#8221; width=&#8221;100%&#8221; max_width=&#8221;900px&#8221; custom_padding=&#8221;0px||0px||false|false&#8221; global_colors_info=&#8221;{}&#8221;][et_pb_column type=&#8221;4_4&#8243; _builder_version=&#8221;4.25.2&#8243; _module_preset=&#8221;default&#8221; global_colors_info=&#8221;{}&#8221;][et_pb_text _builder_version=&#8221;4.27.4&#8243; _module_preset=&#8221;default&#8221; max_width=&#8221;1000px&#8221; hover_enabled=&#8221;0&#8243; global_colors_info=&#8221;{}&#8221; sticky_enabled=&#8221;0&#8243;]<\/p>\n<h2>Automate the Stringer Process: Faster, Safer, Smarter. Want to know more?<\/h2>\n<p><a href=\"\/contact\/\">Contact us now!<\/a>[\/et_pb_text][\/et_pb_column][\/et_pb_row][\/et_pb_section]<\/p>\n","protected":false},"excerpt":{"rendered":"<p>Stringer Machine Start\u00a0 &gt;\u00a0 Automation Solutions\u00a0 &gt;\u00a0 Pallet Repair\u00a0 &gt;\u00a0 Stringer MachineBoost Efficiency with the Stringer Machine The Stringer Machine is a fully automated unit designed to efficiently insert missing stringer boards onto pallets and securely nail them in place for transport. It features an integrated board magazine that ensures smooth, continuous operation. The pallet [&hellip;]<\/p>\n","protected":false},"author":3,"featured_media":0,"parent":0,"menu_order":0,"comment_status":"closed","ping_status":"closed","template":"","meta":{"_et_pb_use_builder":"on","_et_pb_old_content":"","_et_gb_content_width":"","footnotes":""},"class_list":["post-1024","page","type-page","status-publish","hentry"],"yoast_head":"<!-- This site is optimized with the Yoast SEO Premium plugin v24.3 (Yoast SEO v27.3) - https:\/\/yoast.com\/product\/yoast-seo-premium-wordpress\/ -->\n<title>Stringer Machine - Prepac<\/title>\n<meta name=\"description\" content=\"Stringer Machine: Automate pallet repairs with secure stringer insertion, seamless production integration, and optimized efficiency.\" \/>\n<meta name=\"robots\" content=\"index, follow, max-snippet:-1, max-image-preview:large, max-video-preview:-1\" \/>\n<link rel=\"canonical\" href=\"https:\/\/prepac.se\/sv\/tvarbradsbytare\/\" \/>\n<meta property=\"og:locale\" content=\"sv_SE\" \/>\n<meta property=\"og:type\" content=\"article\" \/>\n<meta property=\"og:title\" content=\"Stringer Machine\" \/>\n<meta property=\"og:description\" content=\"Stringer Machine: Automate pallet repairs with secure stringer insertion, seamless production integration, and optimized efficiency.\" \/>\n<meta property=\"og:url\" content=\"https:\/\/prepac.se\/sv\/tvarbradsbytare\/\" \/>\n<meta property=\"og:site_name\" content=\"Prepac\" \/>\n<meta property=\"article:publisher\" content=\"https:\/\/www.facebook.com\/people\/Prepac-AB\/100064958020894\/\" \/>\n<meta property=\"article:modified_time\" content=\"2025-02-19T08:59:05+00:00\" \/>\n<meta name=\"twitter:card\" content=\"summary_large_image\" \/>\n<meta name=\"twitter:label1\" content=\"Ber\u00e4knad l\u00e4stid\" \/>\n\t<meta name=\"twitter:data1\" content=\"3 minuter\" \/>\n<script type=\"application\/ld+json\" class=\"yoast-schema-graph\">{\"@context\":\"https:\\\/\\\/schema.org\",\"@graph\":[{\"@type\":\"WebPage\",\"@id\":\"https:\\\/\\\/prepac.se\\\/stringer-machine\\\/\",\"url\":\"https:\\\/\\\/prepac.se\\\/stringer-machine\\\/\",\"name\":\"Stringer Machine - Prepac\",\"isPartOf\":{\"@id\":\"https:\\\/\\\/prepac.se\\\/#website\"},\"datePublished\":\"2024-11-19T14:18:48+00:00\",\"dateModified\":\"2025-02-19T08:59:05+00:00\",\"description\":\"Stringer Machine: Automate pallet repairs with secure stringer insertion, seamless production integration, and optimized efficiency.\",\"breadcrumb\":{\"@id\":\"https:\\\/\\\/prepac.se\\\/stringer-machine\\\/#breadcrumb\"},\"inLanguage\":\"sv-SE\",\"potentialAction\":[{\"@type\":\"ReadAction\",\"target\":[\"https:\\\/\\\/prepac.se\\\/stringer-machine\\\/\"]}]},{\"@type\":\"BreadcrumbList\",\"@id\":\"https:\\\/\\\/prepac.se\\\/stringer-machine\\\/#breadcrumb\",\"itemListElement\":[{\"@type\":\"ListItem\",\"position\":1,\"name\":\"Home\",\"item\":\"https:\\\/\\\/prepac.se\\\/\"},{\"@type\":\"ListItem\",\"position\":2,\"name\":\"Stringer Machine\"}]},{\"@type\":\"WebSite\",\"@id\":\"https:\\\/\\\/prepac.se\\\/#website\",\"url\":\"https:\\\/\\\/prepac.se\\\/\",\"name\":\"Prepac\",\"description\":\"Experts in Packaging Machines\",\"publisher\":{\"@id\":\"https:\\\/\\\/prepac.se\\\/#organization\"},\"potentialAction\":[{\"@type\":\"SearchAction\",\"target\":{\"@type\":\"EntryPoint\",\"urlTemplate\":\"https:\\\/\\\/prepac.se\\\/?s={search_term_string}\"},\"query-input\":{\"@type\":\"PropertyValueSpecification\",\"valueRequired\":true,\"valueName\":\"search_term_string\"}}],\"inLanguage\":\"sv-SE\"},{\"@type\":\"Organization\",\"@id\":\"https:\\\/\\\/prepac.se\\\/#organization\",\"name\":\"Prepac AB\",\"alternateName\":\"Prepac\",\"url\":\"https:\\\/\\\/prepac.se\\\/\",\"logo\":{\"@type\":\"ImageObject\",\"inLanguage\":\"sv-SE\",\"@id\":\"https:\\\/\\\/prepac.se\\\/#\\\/schema\\\/logo\\\/image\\\/\",\"url\":\"https:\\\/\\\/prepac.se\\\/wp-content\\\/uploads\\\/2023\\\/01\\\/prepacfavicon.png\",\"contentUrl\":\"https:\\\/\\\/prepac.se\\\/wp-content\\\/uploads\\\/2023\\\/01\\\/prepacfavicon.png\",\"width\":512,\"height\":512,\"caption\":\"Prepac AB\"},\"image\":{\"@id\":\"https:\\\/\\\/prepac.se\\\/#\\\/schema\\\/logo\\\/image\\\/\"},\"sameAs\":[\"https:\\\/\\\/www.facebook.com\\\/people\\\/Prepac-AB\\\/100064958020894\\\/\",\"https:\\\/\\\/www.linkedin.com\\\/company\\\/prepac-ab\\\/posts\\\/?feedView=all\"]}]}<\/script>\n<!-- \/ Yoast SEO Premium plugin. -->","yoast_head_json":{"title":"Tv\u00e4rbr\u00e4dsbytare - Prepac","description":"Tv\u00e4rbr\u00e4dsbytare: Automatisera pallreparationer med s\u00e4ker vangmaskinsins\u00e4ttning, s\u00f6ml\u00f6s produktionsintegration och optimerad effektivitet.","robots":{"index":"index","follow":"follow","max-snippet":"max-snippet:-1","max-image-preview":"max-image-preview:large","max-video-preview":"max-video-preview:-1"},"canonical":"https:\/\/prepac.se\/sv\/tvarbradsbytare\/","og_locale":"sv_SE","og_type":"article","og_title":"Stringer Machine","og_description":"Stringer Machine: Automate pallet repairs with secure stringer insertion, seamless production integration, and optimized efficiency.","og_url":"https:\/\/prepac.se\/sv\/tvarbradsbytare\/","og_site_name":"Prepac","article_publisher":"https:\/\/www.facebook.com\/people\/Prepac-AB\/100064958020894\/","article_modified_time":"2025-02-19T08:59:05+00:00","twitter_card":"summary_large_image","twitter_misc":{"Ber\u00e4knad l\u00e4stid":"3 minuter"},"schema":{"@context":"https:\/\/schema.org","@graph":[{"@type":"WebPage","@id":"https:\/\/prepac.se\/stringer-machine\/","url":"https:\/\/prepac.se\/stringer-machine\/","name":"Tv\u00e4rbr\u00e4dsbytare - Prepac","isPartOf":{"@id":"https:\/\/prepac.se\/#website"},"datePublished":"2024-11-19T14:18:48+00:00","dateModified":"2025-02-19T08:59:05+00:00","description":"Tv\u00e4rbr\u00e4dsbytare: Automatisera pallreparationer med s\u00e4ker vangmaskinsins\u00e4ttning, s\u00f6ml\u00f6s produktionsintegration och optimerad effektivitet.","breadcrumb":{"@id":"https:\/\/prepac.se\/stringer-machine\/#breadcrumb"},"inLanguage":"sv-SE","potentialAction":[{"@type":"ReadAction","target":["https:\/\/prepac.se\/stringer-machine\/"]}]},{"@type":"BreadcrumbList","@id":"https:\/\/prepac.se\/stringer-machine\/#breadcrumb","itemListElement":[{"@type":"ListItem","position":1,"name":"Home","item":"https:\/\/prepac.se\/"},{"@type":"ListItem","position":2,"name":"Stringer Machine"}]},{"@type":"WebSite","@id":"https:\/\/prepac.se\/#website","url":"https:\/\/prepac.se\/","name":"Prepac","description":"Experts in Packaging Machines","publisher":{"@id":"https:\/\/prepac.se\/#organization"},"potentialAction":[{"@type":"SearchAction","target":{"@type":"EntryPoint","urlTemplate":"https:\/\/prepac.se\/?s={search_term_string}"},"query-input":{"@type":"PropertyValueSpecification","valueRequired":true,"valueName":"search_term_string"}}],"inLanguage":"sv-SE"},{"@type":"Organization","@id":"https:\/\/prepac.se\/#organization","name":"Prepac AB","alternateName":"Prepac","url":"https:\/\/prepac.se\/","logo":{"@type":"ImageObject","inLanguage":"sv-SE","@id":"https:\/\/prepac.se\/#\/schema\/logo\/image\/","url":"https:\/\/prepac.se\/wp-content\/uploads\/2023\/01\/prepacfavicon.png","contentUrl":"https:\/\/prepac.se\/wp-content\/uploads\/2023\/01\/prepacfavicon.png","width":512,"height":512,"caption":"Prepac AB"},"image":{"@id":"https:\/\/prepac.se\/#\/schema\/logo\/image\/"},"sameAs":["https:\/\/www.facebook.com\/people\/Prepac-AB\/100064958020894\/","https:\/\/www.linkedin.com\/company\/prepac-ab\/posts\/?feedView=all"]}]}},"_links":{"self":[{"href":"https:\/\/prepac.se\/sv\/wp-json\/wp\/v2\/pages\/1024","targetHints":{"allow":["GET"]}}],"collection":[{"href":"https:\/\/prepac.se\/sv\/wp-json\/wp\/v2\/pages"}],"about":[{"href":"https:\/\/prepac.se\/sv\/wp-json\/wp\/v2\/types\/page"}],"author":[{"embeddable":true,"href":"https:\/\/prepac.se\/sv\/wp-json\/wp\/v2\/users\/3"}],"replies":[{"embeddable":true,"href":"https:\/\/prepac.se\/sv\/wp-json\/wp\/v2\/comments?post=1024"}],"version-history":[{"count":0,"href":"https:\/\/prepac.se\/sv\/wp-json\/wp\/v2\/pages\/1024\/revisions"}],"wp:attachment":[{"href":"https:\/\/prepac.se\/sv\/wp-json\/wp\/v2\/media?parent=1024"}],"curies":[{"name":"wp","href":"https:\/\/api.w.org\/{rel}","templated":true}]}}